{"id":708,"date":"2013-06-03T14:19:14","date_gmt":"2013-06-03T12:19:14","guid":{"rendered":"http:\/\/fs.sociology.su.se\/?page_id=708"},"modified":"2016-09-14T17:18:04","modified_gmt":"2016-09-14T15:18:04","slug":"p21","status":"publish","type":"page","link":"http:\/\/www.FamiliesAndSocieties.eu\/?page_id=708","title":{"rendered":"P21"},"content":{"rendered":"<div class='full_width last_column'><h1><strong>Partner 21<\/strong><\/h1><\/div><div class='clear_column'><\/div>\n<div class='two_fifth'><div class='white'><p><img loading=\"lazy\" class=\"alignnone  wp-image-1380\" src=\"http:\/\/fs.sociology.su.se\/wp-content\/uploads\/2013\/06\/P21_PRI2-1024x237.jpg\" alt=\"P21_PRI2\" width=\"265\" height=\"61\" srcset=\"http:\/\/www.FamiliesAndSocieties.eu\/wp-content\/uploads\/2013\/06\/P21_PRI2-1024x237.jpg 1024w, http:\/\/www.FamiliesAndSocieties.eu\/wp-content\/uploads\/2013\/06\/P21_PRI2-300x69.jpg 300w, http:\/\/www.FamiliesAndSocieties.eu\/wp-content\/uploads\/2013\/06\/P21_PRI2.jpg 1117w\" sizes=\"(max-width: 265px) 100vw, 265px\" \/><\/p>\n<p style=\"text-align: left;\"><b>Population Research Institute, V\u00e4est\u00f6liitto <\/b><strong>(PRI)<br \/>\n<\/strong>POB 849, FIN-00101 Finland<br \/>\nPhone: +358 9 228050<br \/>\nFax: +358 9 612 1211<br \/>\nWebsite: <a href=\"http:\/\/www.vaestoliitto.fi\" onclick=\"javascript:_gaq.push(['_trackEvent','outbound-article','http:\/\/www.vaestoliitto.fi']);\">www.vaestoliitto.fi<\/a><\/p>\n<p>&nbsp;<\/p>\n<p><span style=\"color: #63809d;\"><b>Research centers<\/b><\/span><b><\/b><\/p>\n<p style=\"text-align: left;\">Helsinki University, Department of Social Research, Social and Public Policy, <a href=\"http:\/\/www.helsinki.fi\/socialpolicy\" onclick=\"javascript:_gaq.push(['_trackEvent','outbound-article','http:\/\/www.helsinki.fi']);\">www.helsinki.fi\/socialpolicy<\/a><\/p>\n<p style=\"text-align: left;\">Turku University, Department of Social Research, Sociology, <a href=\"http:\/\/www.utu.fi\/en\/units\/soc\/units\/Pages\/home.aspx\">www.utu.fi\/en\/units\/soc\/units\/<br \/>\nPages\/home.aspx<\/a><\/p><\/div><\/div> <div class='three_fifth last_column'><span style=\"color: #63809d;\"><strong>Partner Representative<\/strong><\/span><\/p>\n<p><b>Rotkirch, Anna<\/b>, <i>Associate Professor<br \/>\n<\/i><a href=\"mailto:Anna.rotkirch@vaestoliitto.fi\">Anna.rotkirch@vaestoliitto.fi<\/a><br \/>\n<i>V\u00e4est\u00f6liitto<\/i><\/p>\n<p><b><i>\u00a0<\/i><\/b><\/p>\n<p><span style=\"color: #63809d;\"><b>Researchers<\/b><\/span><\/p>\n<p><b>Hiilamo, Heikki<\/b>, <a href=\"mailto:Heikki.hiilamo@helsinki.fi\">Heikki.hiilamo@helsinki.fi<\/a><br \/>\n<i>Helsinki University<\/i><\/p>\n<p><b>Jalovaara, Marika<\/b>, <a href=\"mailto:Marika.jalovaara@utu.fi\">Marika.jalovaara@utu.fi<\/a><br \/>\n<i>Turku University<\/i><\/p>\n<p><b>Miettinen, Anneli<\/b>, <a href=\"mailto:anneli.miettinen@vaestoliitto.fi\">anneli.miettinen@vaestoliitto.fi<\/a><br \/>\n<i>V\u00e4est\u00f6liitto<\/i><\/p>\n<p><b>Rotkirch, Anna<\/b>, <a href=\"mailto:Anna.rotkirch@vaestoliitto.fi\">Anna.rotkirch@vaestoliitto.fi<\/a><br \/>\n<i>V\u00e4est\u00f6liitto<\/i><\/p>\n<p><b>S\u00e4\u00e4v\u00e4l\u00e4, Minna<\/b>, <a href=\"mailto:Minna.saavala@vaestoliitto.fi\">Minna.saavala@vaestoliitto.fi<\/a><br \/>\n<i>V\u00e4est\u00f6liitto<\/i><\/p><\/div><div class='clear_column'><\/div><\/p>\n<p>&nbsp;<\/p>\n","protected":false},"excerpt":{"rendered":"<p>&nbsp;<\/p>\n","protected":false},"author":1,"featured_media":0,"parent":430,"menu_order":65,"comment_status":"open","ping_status":"open","template":"template-no-nav.php","meta":[],"_links":{"self":[{"href":"http:\/\/www.FamiliesAndSocieties.eu\/index.php?rest_route=\/wp\/v2\/pages\/708"}],"collection":[{"href":"http:\/\/www.FamiliesAndSocieties.eu\/index.php?rest_route=\/wp\/v2\/pages"}],"about":[{"href":"http:\/\/www.FamiliesAndSocieties.eu\/index.php?rest_route=\/wp\/v2\/types\/page"}],"author":[{"embeddable":true,"href":"http:\/\/www.FamiliesAndSocieties.eu\/index.php?rest_route=\/wp\/v2\/users\/1"}],"replies":[{"embeddable":true,"href":"http:\/\/www.FamiliesAndSocieties.eu\/index.php?rest_route=%2Fwp%2Fv2%2Fcomments&post=708"}],"version-history":[{"count":14,"href":"http:\/\/www.FamiliesAndSocieties.eu\/index.php?rest_route=\/wp\/v2\/pages\/708\/revisions"}],"predecessor-version":[{"id":3894,"href":"http:\/\/www.FamiliesAndSocieties.eu\/index.php?rest_route=\/wp\/v2\/pages\/708\/revisions\/3894"}],"up":[{"embeddable":true,"href":"http:\/\/www.FamiliesAndSocieties.eu\/index.php?rest_route=\/wp\/v2\/pages\/430"}],"wp:attachment":[{"href":"http:\/\/www.FamiliesAndSocieties.eu\/index.php?rest_route=%2Fwp%2Fv2%2Fmedia&parent=708"}],"curies":[{"name":"wp","href":"https:\/\/api.w.org\/{rel}","templated":true}]}}