{"id":3334,"date":"2015-08-11T11:07:50","date_gmt":"2015-08-11T09:07:50","guid":{"rendered":"http:\/\/www.FamiliesAndSocieties.eu\/?page_id=3334"},"modified":"2015-09-10T14:22:19","modified_gmt":"2015-09-10T12:22:19","slug":"39-country-specific-case-studies-on-fertility-among-the-descendants-of-immigrants","status":"publish","type":"page","link":"http:\/\/www.FamiliesAndSocieties.eu\/?page_id=3334","title":{"rendered":"39 Country-specific case studies on fertility among the descendants of immigrants"},"content":{"rendered":"<div class='full_width last_column'><div class='white'><div class='one_sixth'><p><img loading=\"lazy\" class=\"alignnone size-full wp-image-1938 alignleft\" src=\"http:\/\/www.FamiliesAndSocieties.eu\/wp-content\/uploads\/2013\/10\/WP8icon.png\" alt=\"WP8icon\" width=\"108\" height=\"125\" \/><\/p>\n<p>&nbsp;<\/p>\n<p>&nbsp;<\/p>\n<p>&nbsp;<\/p>\n<p>&nbsp;<\/p>\n<p>&nbsp;<\/p>\n<p>&nbsp;<\/p>\n<p>&nbsp;<\/p>\n<p>&nbsp;<\/p><\/div>\n<h4><span style=\"color: #004668;\">Working paper 39(2015)<\/span><\/h4>\n<h3><span style=\"color: #63809d;\">Country-specific case studies on fertility among<br \/>\nthe descendants of immigrants<\/span><\/h3>\n<p style=\"text-align: left;\"><em> Introduction: Hill Kulu and Tina Hannemann Germany: Sandra Krapf and Katharina Wolf Sweden: Gunnar Andersson and Lotta Persson United Kingdom: Hill Kulu and Tina Hannemann France: Ariane Pailh\u00e9 Spain: Amparo Gonz\u00e1lez-Ferrer, Teresa Castro-Mart\u00edn and Elisabeth Kraus Switzerland: Andr\u00e9s Guarin and Laura Bernardi<\/em><\/p>\n<p><span style=\"color: #63809d;\"><strong> Abstract: <\/strong><\/span>This paper consists of six case studies on fertility among the descendants of immigrants by comparing their patterns to those of the \u2018native\u2019 population. The countries that are included in the analysis are Germany, Sweden, United Kingdom, France, Spain and Switzerland. All of the case studies use large-scale longitudinal data and apply event-history analysis. The analysis shows that the descendants of immigrants have lower first-birth rates than \u2018natives\u2019 suggesting the postponement of childbearing among ethnic minorities. Some ethnic minority groups have somewhat higher second-birth risks than \u2018natives\u2019, but many show significantly higher third-birth rates. Fertility differences between the \u2018native\u2019 and ethnic minority women largely persist once women\u2019s educational level is included in the analysis, but decrease after factors related to language, religion and family of origin are controlled.<\/p>\n<p style=\"text-align: right;\"><span style=\"color: #888888;\"><em>Posted August\u00a011 2015 &#8211;<\/em><\/span><strong> <a title=\"&#091;Read more&#093;\" href=\"http:\/\/www.FamiliesAndSocieties.eu\/wp-content\/uploads\/2015\/09\/WP39HillEtAl2015Part1.pdf\" onclick=\"javascript:_gaq.push(['_trackEvent','download','http:\/\/www.FamiliesAndSocieties.eu\/wp-content\/uploads\/2015\/09\/WP39HillEtAl2015Part1.pdf']);\">Read more Part 1<\/a><\/strong><\/p>\n<p style=\"text-align: right;\"><strong><a title=\"&#091;Read more&#093;\"href=\"http:\/\/www.FamiliesAndSocieties.eu\/wp-content\/uploads\/2015\/09\/WP39HillEtAl2015Part2.pdf\" onclick=\"javascript:_gaq.push(['_trackEvent','download','http:\/\/www.FamiliesAndSocieties.eu\/wp-content\/uploads\/2015\/09\/WP39HillEtAl2015Part2.pdf']);\">Read more Part 2<\/a><\/strong><\/p>\n<p style=\"text-align: left;\"><\/div><\/div><div class='clear_column'><\/div>\n","protected":false},"excerpt":{"rendered":"","protected":false},"author":1,"featured_media":0,"parent":131,"menu_order":39,"comment_status":"open","ping_status":"open","template":"template-no-nav.php","meta":[],"_links":{"self":[{"href":"http:\/\/www.FamiliesAndSocieties.eu\/index.php?rest_route=\/wp\/v2\/pages\/3334"}],"collection":[{"href":"http:\/\/www.FamiliesAndSocieties.eu\/index.php?rest_route=\/wp\/v2\/pages"}],"about":[{"href":"http:\/\/www.FamiliesAndSocieties.eu\/index.php?rest_route=\/wp\/v2\/types\/page"}],"author":[{"embeddable":true,"href":"http:\/\/www.FamiliesAndSocieties.eu\/index.php?rest_route=\/wp\/v2\/users\/1"}],"replies":[{"embeddable":true,"href":"http:\/\/www.FamiliesAndSocieties.eu\/index.php?rest_route=%2Fwp%2Fv2%2Fcomments&post=3334"}],"version-history":[{"count":13,"href":"http:\/\/www.FamiliesAndSocieties.eu\/index.php?rest_route=\/wp\/v2\/pages\/3334\/revisions"}],"predecessor-version":[{"id":3432,"href":"http:\/\/www.FamiliesAndSocieties.eu\/index.php?rest_route=\/wp\/v2\/pages\/3334\/revisions\/3432"}],"up":[{"embeddable":true,"href":"http:\/\/www.FamiliesAndSocieties.eu\/index.php?rest_route=\/wp\/v2\/pages\/131"}],"wp:attachment":[{"href":"http:\/\/www.FamiliesAndSocieties.eu\/index.php?rest_route=%2Fwp%2Fv2%2Fmedia&parent=3334"}],"curies":[{"name":"wp","href":"https:\/\/api.w.org\/{rel}","templated":true}]}}