{"id":2370,"date":"2014-08-12T10:22:00","date_gmt":"2014-08-12T08:22:00","guid":{"rendered":"http:\/\/www.FamiliesAndSocieties.eu\/?page_id=2370"},"modified":"2015-02-27T14:42:52","modified_gmt":"2015-02-27T12:42:52","slug":"country-specific-case-studies-on-partnership-dynamics-among-immigrants-and-their-descendants","status":"publish","type":"page","link":"http:\/\/www.FamiliesAndSocieties.eu\/?page_id=2370","title":{"rendered":"13 Country-specific case studies on partnership dynamics among immigrants and their descendants"},"content":{"rendered":"<div class='full_width last_column'><div class='white'><div class='one_sixth'><p><img loading=\"lazy\" class=\"alignnone size-full wp-image-1938 alignleft\" src=\"http:\/\/www.FamiliesAndSocieties.eu\/wp-content\/uploads\/2013\/10\/WP8icon.png\" alt=\"WP8icon\" width=\"108\" height=\"125\" \/><\/p>\n<p>&nbsp;<\/p>\n<p>&nbsp;<\/p>\n<p>&nbsp;<\/p>\n<p>&nbsp;<\/p>\n<p>&nbsp;<\/p>\n<p>&nbsp;<\/p>\n<p>&nbsp;<\/p><\/div>\n<h4><span style=\"color: #004668;\">Working paper 13(2014)<\/span><\/h4>\n<h3><span style=\"color: #63809d;\"> Report: Country-specific case studies on partnership dynamics among immigrants and their descendants<\/span><\/h3>\n<p style=\"text-align: left;\"><em>Introduction: Hill Kulu<br \/>\nEstonia: Leen Rahnu, Allan Puur, Luule Sakkeus, and Martin Klesment<br \/>\nFrance: Ariane Pailh\u00e9<br \/>\nSwitzerland: Andr\u00e9s Guarin and Laura Bernardi<br \/>\nUnited Kingdom: Tina Hannemann and Hill Kulu<br \/>\nSweden: Kirk Scott, Gunnar Andersson and <span style=\"color: #000000;\">Ognjen Obucina<\/span><br \/>\nSpain: Amparo Gonz\u00e1lez-Ferrer, Marta S\u00e9iz, Teresa Castro-Mart\u00edn, and Teresa Mart\u00edn-Garcia<\/em><\/p>\n<p style=\"text-align: left;\"><span style=\"color: #63809d;\"><strong>Abstract: <\/strong><\/span> This report consists of six case studies on partnership trajectories among immigrants and their descendants by comparing their patterns to those of the \u2018native\u2019 population. The countries that are included in the analysis are Estonia, France, Switzerland, United Kingdom, Sweden and Spain. The analysis shows significant differences in partnership formation and dissolution between immigrants, their descendants and the \u2018native\u2019 population in all six countries.<\/p>\n<p style=\"text-align: right;\"><span style=\"color: #888888;\"><em>Posted August 12 2014 &#8211;<\/em><\/span><strong> <a title=\"&#091;Read more&#093;\" href=\"http:\/\/www.FamiliesAndSocieties.eu\/wp-content\/uploads\/2014\/12\/WP13KuluEtAl2014Part1.pdf\" onclick=\"javascript:_gaq.push(['_trackEvent','download','http:\/\/www.FamiliesAndSocieties.eu\/wp-content\/uploads\/2014\/12\/WP13KuluEtAl2014Part1.pdf']);\">Read more Part 1<\/a><\/strong><\/p>\n<p style=\"text-align: right;\"><strong><a title=\"&#091;Read more&#093;\" href=\"http:\/\/www.FamiliesAndSocieties.eu\/wp-content\/uploads\/2014\/12\/WP13KuluEtAl2014Part2.pdf\" onclick=\"javascript:_gaq.push(['_trackEvent','download','http:\/\/www.FamiliesAndSocieties.eu\/wp-content\/uploads\/2014\/12\/WP13KuluEtAl2014Part2.pdf']);\">Read more Part 2<\/a><\/strong><\/p>\n<p style=\"text-align: left;\"><\/div><\/div><div class='clear_column'><\/div>\n","protected":false},"excerpt":{"rendered":"","protected":false},"author":1,"featured_media":0,"parent":131,"menu_order":13,"comment_status":"open","ping_status":"open","template":"template-no-nav.php","meta":[],"_links":{"self":[{"href":"http:\/\/www.FamiliesAndSocieties.eu\/index.php?rest_route=\/wp\/v2\/pages\/2370"}],"collection":[{"href":"http:\/\/www.FamiliesAndSocieties.eu\/index.php?rest_route=\/wp\/v2\/pages"}],"about":[{"href":"http:\/\/www.FamiliesAndSocieties.eu\/index.php?rest_route=\/wp\/v2\/types\/page"}],"author":[{"embeddable":true,"href":"http:\/\/www.FamiliesAndSocieties.eu\/index.php?rest_route=\/wp\/v2\/users\/1"}],"replies":[{"embeddable":true,"href":"http:\/\/www.FamiliesAndSocieties.eu\/index.php?rest_route=%2Fwp%2Fv2%2Fcomments&post=2370"}],"version-history":[{"count":32,"href":"http:\/\/www.FamiliesAndSocieties.eu\/index.php?rest_route=\/wp\/v2\/pages\/2370\/revisions"}],"predecessor-version":[{"id":3211,"href":"http:\/\/www.FamiliesAndSocieties.eu\/index.php?rest_route=\/wp\/v2\/pages\/2370\/revisions\/3211"}],"up":[{"embeddable":true,"href":"http:\/\/www.FamiliesAndSocieties.eu\/index.php?rest_route=\/wp\/v2\/pages\/131"}],"wp:attachment":[{"href":"http:\/\/www.FamiliesAndSocieties.eu\/index.php?rest_route=%2Fwp%2Fv2%2Fmedia&parent=2370"}],"curies":[{"name":"wp","href":"https:\/\/api.w.org\/{rel}","templated":true}]}}